{"id":5400,"date":"2024-07-03T20:49:34","date_gmt":"2024-07-03T18:49:34","guid":{"rendered":"https:\/\/marienfeld.ch\/philosophy\/"},"modified":"2024-07-03T20:49:34","modified_gmt":"2024-07-03T18:49:34","slug":"philosophy","status":"publish","type":"page","link":"https:\/\/marienfeld.ch\/en\/philosophy\/","title":{"rendered":"Philosophy"},"content":{"rendered":"\n<style type=\"text\/css\" data-created_by=\"avia_inline_auto\" id=\"style-css-av-kwl2dh2b-4b2b67f245d27b9b62fc50557a6319fc\">\n.avia-section.av-kwl2dh2b-4b2b67f245d27b9b62fc50557a6319fc .av-parallax .av-parallax-inner{\nbackground-repeat:no-repeat;\nbackground-image:url(https:\/\/marienfeld.ch\/wp-content\/uploads\/2020\/07\/marcus-marienfeld.jpg);\nbackground-position:50% 50%;\nbackground-attachment:scroll;\n}\n#top .avia-section.av-kwl2dh2b-4b2b67f245d27b9b62fc50557a6319fc .scroll-down-link{\ncolor:#e61732;\n}\n#top .avia-section.av-kwl2dh2b-4b2b67f245d27b9b62fc50557a6319fc .scroll-down-link.avia-svg-icon svg:first-child{\nstroke:#e61732;\nfill:#e61732;\n}\n<\/style>\n<div id='av_section_1'  class='avia-section av-kwl2dh2b-4b2b67f245d27b9b62fc50557a6319fc main_color avia-section-huge avia-shadow  avia-builder-el-0  el_before_av_section  avia-builder-el-first  av-parallax-section avia-bg-style-parallax av-minimum-height av-minimum-height-66 av-height-percent  container_wrap fullsize'  data-section-bg-repeat='no-repeat' data-av_minimum_height_pc='66' data-av_min_height_opt='percent'><div class='av-parallax' data-avia-parallax-ratio='0.3' ><div class='av-parallax-inner main_color avia-full-stretch'><\/div><\/div><div class=\"av-section-color-overlay-wrap\"><a href='#next-section' title='' class='scroll-down-link av-custom-scroll-down-color avia-svg-icon avia-font-svg_entypo-fontello' data-av_svg_icon='down-open-mini' data-av_iconset='svg_entypo-fontello'><svg version=\"1.1\" xmlns=\"http:\/\/www.w3.org\/2000\/svg\" width=\"15\" height=\"32\" viewBox=\"0 0 15 32\" preserveAspectRatio=\"xMidYMid meet\" aria-labelledby='av-svg-title-1' aria-describedby='av-svg-desc-1' role=\"graphics-symbol\" aria-hidden=\"true\">\n<title id='av-svg-title-1'>Scroll to next section<\/title>\n<desc id='av-svg-desc-1'>Scroll to next section<\/desc>\n<path d=\"M12.96 12.16q0.704-0.832 1.536 0 0.832 0.704 0 1.536l-6.272 6.144q-0.704 0.704-1.536 0l-6.272-6.144q-0.832-0.832 0-1.536 0.768-0.768 1.6 0l5.44 4.992z\"><\/path>\n<\/svg><\/a><div class='container av-section-cont-open' ><main  role=\"main\" itemprop=\"mainContentOfPage\"  class='template-page content  av-content-full alpha units'><div class='post-entry post-entry-type-page post-entry-5400'><div class='entry-content-wrapper clearfix'>\n<\/div><\/div><\/main><!-- close content main element --><\/div><\/div><\/div><div id='av_section_2'  class='avia-section av-kar4gwpe-038be8117da765959bc078041d898cdf main_color avia-section-huge avia-shadow  avia-builder-el-1  el_after_av_section  el_before_av_section  avia-bg-style-scroll container_wrap fullsize'  ><div class='container av-section-cont-open' ><div class='template-page content  av-content-full alpha units'><div class='post-entry post-entry-type-page post-entry-5400'><div class='entry-content-wrapper clearfix'>\n\n<style type=\"text\/css\" data-created_by=\"avia_inline_auto\" id=\"style-css-av-14khh-91b705468d6ac7b07f9e370d28b3c02b\">\n.flex_column.av-14khh-91b705468d6ac7b07f9e370d28b3c02b{\nborder-radius:0px 0px 0px 0px;\npadding:0px 0px 0px 0px;\n}\n<\/style>\n<div  class='flex_column av-14khh-91b705468d6ac7b07f9e370d28b3c02b av_one_full  avia-builder-el-2  avia-builder-el-no-sibling  first flex_column_div av-zero-column-padding  '     ><section  class='av_textblock_section av-kar4htba-17f53632a0b235b6cf7d16bd6a7a90d9 '   itemscope=\"itemscope\" itemtype=\"https:\/\/schema.org\/CreativeWork\" ><div class='avia_textblock'  itemprop=\"text\" ><h1>Philosophy<\/h1>\n<p>Ein paar Gedanken zu der Philosophie der Marcus Marienfeld AG.<\/p>\n<p>2022 existiert unsere Manufaktur 30 Jahre. Bereits 1992 war es die Idee, eine unabh\u00e4ngige Produktionsst\u00e4tte f\u00fcr Brillenfassungen zu etablieren. Marcus Marienfeld, der Gr\u00fcnder des Unternehmens, ist ausgebildeter Goldschmied und Juwelenfasser. Er entwarf und fertigte Schmuckkollektionen bevor er auf die Brille stiess. Vorbild waren Orte wie das Caddore Tal, das Franz\u00f6sische Jura, Pforzheim in Deutschland oder Fukui in Japan. All diese Orte hatten eines gemeinsam, dort wurden Brillen produziert und das in Monokultur. Sprich fast alle Firmen am jeweiligen Ort stellten irgendein Teil f\u00fcr die Brille her. Vor etwa 20 Jahren setzte der Wandel ein. Asien hatte, wie auch viele andere Produkte, die Brille entdeckt. Die Konkurrenz aus dieser fern ab gelegenen Kultur machte den Brillenherstellern in Europa grosse Sorgen. \u00dcber kurz oder lang waren sie der Preisstruktur unterlegen, sie konnten dem Wandel nicht standhalten und verschwanden nach und nach von der Bildfl\u00e4che.<\/p>\n<p>Die Marcus Marienfeld AG hatte sich zum Ziel gesetzt autark zu sein. Es wurde von Anfang an angestrebt, alle Prozesse in House zu etablieren, sprich keine Abh\u00e4ngigkeiten von aussen aufzubauen. Ein langwieriger und aufwendiges Unterfangen. Nicht selten war man kurz davor, aufzugeben. Und doch hat der Enthusiasmus immer wieder gesiegt. Dank einer treuen und immer mehr verbandelten Kundschaft aufseiten der Optiker aber auch Endkunden gab es immer wieder Mut, der formulierten Linie zu folgen.<\/p>\n<p>Auch in Zeiten des grossen Erfolgs blieb man sich und seiner Maxime treu, nicht gr\u00f6sser zu werden. Klein zu bleiben war wohl die schwierigste Aufgabe. Klein zu bleiben und vor allem dadurch die \u00dcbersicht zu behalten und den Service zu perfektionieren. Denn der Service steht vor dem Produkt \u2013 das ist die Grundlager unserer Qualit\u00e4t der Produkte von zwischen den Schweizer Bergen.<\/p>\n<\/div><\/section><\/div>\n\n<\/div><\/div><\/div><!-- close content main div --><\/div><\/div><div id='av_section_3'  class='avia-section av-1jfr5-7a61542af9e0162108c79ac13afbdd85 alternate_color avia-section-large avia-shadow  avia-builder-el-4  el_after_av_section  avia-builder-el-last  avia-bg-style-scroll container_wrap fullsize'  ><div class='container av-section-cont-open' ><div class='template-page content  av-content-full alpha units'><div class='post-entry post-entry-type-page post-entry-5400'><div class='entry-content-wrapper clearfix'>\n<div  class='av-social-sharing-box av-pkd9-bc471763620b9b5e03bd47a5ad51f818 av-social-sharing-box-icon-simple  avia-builder-el-5  avia-builder-el-no-sibling  av-social-sharing-box-same-width av-social-sharing-center'><div class=\"av-share-box\"><h5 class='av-share-link-description av-no-toc '>Diese Seite weiterempfehlen<\/h5><ul class=\"av-share-box-list noLightbox\"><li class='av-share-link av-social-link-facebook avia_social_iconfont' ><a target=\"_blank\" aria-label=\"Share on Facebook\" href='https:\/\/www.facebook.com\/sharer.php?u=https:\/\/marienfeld.ch\/en\/philosophy\/&#038;t=Philosophy' data-av_icon='\ue8f3' data-av_iconfont='entypo-fontello'  title='' data-avia-related-tooltip='Share on Facebook'><span class='avia_hidden_link_text'>Share on Facebook<\/span><\/a><\/li><li class='av-share-link av-social-link-twitter avia_social_iconfont' ><a target=\"_blank\" aria-label=\"Share on X\" href='https:\/\/twitter.com\/share?text=Philosophy&#038;url=https:\/\/marienfeld.ch\/en\/?p=5400' data-av_icon='\ue932' data-av_iconfont='entypo-fontello'  title='' data-avia-related-tooltip='Share on X'><span class='avia_hidden_link_text'>Share on X<\/span><\/a><\/li><li class='av-share-link av-social-link-whatsapp avia_social_iconfont' ><a target=\"_blank\" aria-label=\"Share on WhatsApp\" href='https:\/\/api.whatsapp.com\/send?text=https:\/\/marienfeld.ch\/en\/philosophy\/' data-av_icon='\uf232' data-av_iconfont='entypo-fontello'  title='' data-avia-related-tooltip='Share on WhatsApp'><span class='avia_hidden_link_text'>Share on WhatsApp<\/span><\/a><\/li><li class='av-share-link av-social-link-pinterest avia_social_iconfont' ><a target=\"_blank\" aria-label=\"Share on Pinterest\" href='https:\/\/pinterest.com\/pin\/create\/button\/?url=https%3A%2F%2Fmarienfeld.ch%2Fen%2Fphilosophy%2F&#038;description=Philosophy&#038;media=' data-av_icon='\ue8f8' data-av_iconfont='entypo-fontello'  title='' data-avia-related-tooltip='Share on Pinterest'><span class='avia_hidden_link_text'>Share on Pinterest<\/span><\/a><\/li><li class='av-share-link av-social-link-linkedin avia_social_iconfont' ><a target=\"_blank\" aria-label=\"Share on LinkedIn\" href='https:\/\/linkedin.com\/shareArticle?mini=true&#038;title=Philosophy&#038;url=https:\/\/marienfeld.ch\/en\/philosophy\/' data-av_icon='\ue8fc' data-av_iconfont='entypo-fontello'  title='' data-avia-related-tooltip='Share on LinkedIn'><span class='avia_hidden_link_text'>Share on LinkedIn<\/span><\/a><\/li><li class='av-share-link av-social-link-tumblr avia_social_iconfont' ><a target=\"_blank\" aria-label=\"Share on Tumblr\" href='https:\/\/www.tumblr.com\/share\/link?url=https%3A%2F%2Fmarienfeld.ch%2Fen%2Fphilosophy%2F&#038;name=Philosophy&#038;description=' data-av_icon='\ue8fa' data-av_iconfont='entypo-fontello'  title='' data-avia-related-tooltip='Share on Tumblr'><span class='avia_hidden_link_text'>Share on Tumblr<\/span><\/a><\/li><li class='av-share-link av-social-link-vk avia_social_iconfont' ><a target=\"_blank\" aria-label=\"Share on Vk\" href='https:\/\/vk.com\/share.php?url=https:\/\/marienfeld.ch\/en\/philosophy\/' data-av_icon='\ue926' data-av_iconfont='entypo-fontello'  title='' data-avia-related-tooltip='Share on Vk'><span class='avia_hidden_link_text'>Share on Vk<\/span><\/a><\/li><li class='av-share-link av-social-link-reddit avia_social_iconfont' ><a target=\"_blank\" aria-label=\"Share on Reddit\" href='https:\/\/reddit.com\/submit?url=https:\/\/marienfeld.ch\/en\/philosophy\/&#038;title=Philosophy' data-av_icon='\ue927' data-av_iconfont='entypo-fontello'  title='' data-avia-related-tooltip='Share on Reddit'><span class='avia_hidden_link_text'>Share on Reddit<\/span><\/a><\/li><li class='av-share-link av-social-link-mail avia_social_iconfont' ><a  aria-label=\"Share by Mail\" href='mailto:?subject=Philosophy&#038;body=https:\/\/marienfeld.ch\/en\/philosophy\/' data-av_icon='\ue805' data-av_iconfont='entypo-fontello'  title='' data-avia-related-tooltip='Share by Mail'><span class='avia_hidden_link_text'>Share by Mail<\/span><\/a><\/li><\/ul><\/div><\/div>\n\n","protected":false},"excerpt":{"rendered":"","protected":false},"author":3,"featured_media":0,"parent":0,"menu_order":0,"comment_status":"closed","ping_status":"closed","template":"","meta":{"inline_featured_image":false,"footnotes":""},"class_list":["post-5400","page","type-page","status-publish","hentry"],"yoast_head":"<!-- This site is optimized with the Yoast SEO plugin v27.3 - https:\/\/yoast.com\/product\/yoast-seo-wordpress\/ -->\n<title>Philosophy - Atelier Marcus Marienfeld<\/title>\n<meta name=\"robots\" content=\"index, follow, max-snippet:-1, max-image-preview:large, max-video-preview:-1\" \/>\n<link rel=\"canonical\" href=\"https:\/\/marienfeld.ch\/en\/philosophy\/\" \/>\n<meta property=\"og:locale\" content=\"en_US\" \/>\n<meta property=\"og:type\" content=\"article\" \/>\n<meta property=\"og:title\" content=\"Philosophy - Atelier Marcus Marienfeld\" \/>\n<meta property=\"og:url\" content=\"https:\/\/marienfeld.ch\/en\/philosophy\/\" \/>\n<meta property=\"og:site_name\" content=\"Atelier Marcus Marienfeld\" \/>\n<meta name=\"twitter:card\" content=\"summary_large_image\" \/>\n<meta name=\"twitter:label1\" content=\"Est. reading time\" \/>\n\t<meta name=\"twitter:data1\" content=\"6 minutes\" \/>\n<script type=\"application\/ld+json\" class=\"yoast-schema-graph\">{\"@context\":\"https:\\\/\\\/schema.org\",\"@graph\":[{\"@type\":\"WebPage\",\"@id\":\"https:\\\/\\\/marienfeld.ch\\\/en\\\/philosophy\\\/\",\"url\":\"https:\\\/\\\/marienfeld.ch\\\/en\\\/philosophy\\\/\",\"name\":\"Philosophy - Atelier Marcus Marienfeld\",\"isPartOf\":{\"@id\":\"https:\\\/\\\/marienfeld.ch\\\/en\\\/#website\"},\"datePublished\":\"2024-07-03T18:49:34+00:00\",\"breadcrumb\":{\"@id\":\"https:\\\/\\\/marienfeld.ch\\\/en\\\/philosophy\\\/#breadcrumb\"},\"inLanguage\":\"en-US\",\"potentialAction\":[{\"@type\":\"ReadAction\",\"target\":[\"https:\\\/\\\/marienfeld.ch\\\/en\\\/philosophy\\\/\"]}]},{\"@type\":\"BreadcrumbList\",\"@id\":\"https:\\\/\\\/marienfeld.ch\\\/en\\\/philosophy\\\/#breadcrumb\",\"itemListElement\":[{\"@type\":\"ListItem\",\"position\":1,\"name\":\"Startseite\",\"item\":\"https:\\\/\\\/marienfeld.ch\\\/en\\\/home\\\/\"},{\"@type\":\"ListItem\",\"position\":2,\"name\":\"Philosophy\"}]},{\"@type\":\"WebSite\",\"@id\":\"https:\\\/\\\/marienfeld.ch\\\/en\\\/#website\",\"url\":\"https:\\\/\\\/marienfeld.ch\\\/en\\\/\",\"name\":\"Atelier Marcus Marienfeld\",\"description\":\"\",\"publisher\":{\"@id\":\"https:\\\/\\\/marienfeld.ch\\\/en\\\/#organization\"},\"potentialAction\":[{\"@type\":\"SearchAction\",\"target\":{\"@type\":\"EntryPoint\",\"urlTemplate\":\"https:\\\/\\\/marienfeld.ch\\\/en\\\/?s={search_term_string}\"},\"query-input\":{\"@type\":\"PropertyValueSpecification\",\"valueRequired\":true,\"valueName\":\"search_term_string\"}}],\"inLanguage\":\"en-US\"},{\"@type\":\"Organization\",\"@id\":\"https:\\\/\\\/marienfeld.ch\\\/en\\\/#organization\",\"name\":\"Atelier Marcus Marienfeld\",\"url\":\"https:\\\/\\\/marienfeld.ch\\\/en\\\/\",\"logo\":{\"@type\":\"ImageObject\",\"inLanguage\":\"en-US\",\"@id\":\"https:\\\/\\\/marienfeld.ch\\\/en\\\/#\\\/schema\\\/logo\\\/image\\\/\",\"url\":\"https:\\\/\\\/marienfeld.ch\\\/wp-content\\\/uploads\\\/2020\\\/05\\\/marienfeld-logo.svg\",\"contentUrl\":\"https:\\\/\\\/marienfeld.ch\\\/wp-content\\\/uploads\\\/2020\\\/05\\\/marienfeld-logo.svg\",\"width\":566,\"height\":297,\"caption\":\"Atelier Marcus Marienfeld\"},\"image\":{\"@id\":\"https:\\\/\\\/marienfeld.ch\\\/en\\\/#\\\/schema\\\/logo\\\/image\\\/\"},\"sameAs\":[\"https:\\\/\\\/www.instagram.com\\\/handmade_in_switzerland\\\/\",\"https:\\\/\\\/www.youtube.com\\\/channel\\\/UCooy6rW0JUm4F2mEvBDDw_w\"]}]}<\/script>\n<!-- \/ Yoast SEO plugin. -->","yoast_head_json":{"title":"Philosophy - Atelier Marcus Marienfeld","robots":{"index":"index","follow":"follow","max-snippet":"max-snippet:-1","max-image-preview":"max-image-preview:large","max-video-preview":"max-video-preview:-1"},"canonical":"https:\/\/marienfeld.ch\/en\/philosophy\/","og_locale":"en_US","og_type":"article","og_title":"Philosophy - Atelier Marcus Marienfeld","og_url":"https:\/\/marienfeld.ch\/en\/philosophy\/","og_site_name":"Atelier Marcus Marienfeld","twitter_card":"summary_large_image","twitter_misc":{"Est. reading time":"6 minutes"},"schema":{"@context":"https:\/\/schema.org","@graph":[{"@type":"WebPage","@id":"https:\/\/marienfeld.ch\/en\/philosophy\/","url":"https:\/\/marienfeld.ch\/en\/philosophy\/","name":"Philosophy - Atelier Marcus Marienfeld","isPartOf":{"@id":"https:\/\/marienfeld.ch\/en\/#website"},"datePublished":"2024-07-03T18:49:34+00:00","breadcrumb":{"@id":"https:\/\/marienfeld.ch\/en\/philosophy\/#breadcrumb"},"inLanguage":"en-US","potentialAction":[{"@type":"ReadAction","target":["https:\/\/marienfeld.ch\/en\/philosophy\/"]}]},{"@type":"BreadcrumbList","@id":"https:\/\/marienfeld.ch\/en\/philosophy\/#breadcrumb","itemListElement":[{"@type":"ListItem","position":1,"name":"Startseite","item":"https:\/\/marienfeld.ch\/en\/home\/"},{"@type":"ListItem","position":2,"name":"Philosophy"}]},{"@type":"WebSite","@id":"https:\/\/marienfeld.ch\/en\/#website","url":"https:\/\/marienfeld.ch\/en\/","name":"Atelier Marcus Marienfeld","description":"","publisher":{"@id":"https:\/\/marienfeld.ch\/en\/#organization"},"potentialAction":[{"@type":"SearchAction","target":{"@type":"EntryPoint","urlTemplate":"https:\/\/marienfeld.ch\/en\/?s={search_term_string}"},"query-input":{"@type":"PropertyValueSpecification","valueRequired":true,"valueName":"search_term_string"}}],"inLanguage":"en-US"},{"@type":"Organization","@id":"https:\/\/marienfeld.ch\/en\/#organization","name":"Atelier Marcus Marienfeld","url":"https:\/\/marienfeld.ch\/en\/","logo":{"@type":"ImageObject","inLanguage":"en-US","@id":"https:\/\/marienfeld.ch\/en\/#\/schema\/logo\/image\/","url":"https:\/\/marienfeld.ch\/wp-content\/uploads\/2020\/05\/marienfeld-logo.svg","contentUrl":"https:\/\/marienfeld.ch\/wp-content\/uploads\/2020\/05\/marienfeld-logo.svg","width":566,"height":297,"caption":"Atelier Marcus Marienfeld"},"image":{"@id":"https:\/\/marienfeld.ch\/en\/#\/schema\/logo\/image\/"},"sameAs":["https:\/\/www.instagram.com\/handmade_in_switzerland\/","https:\/\/www.youtube.com\/channel\/UCooy6rW0JUm4F2mEvBDDw_w"]}]}},"_links":{"self":[{"href":"https:\/\/marienfeld.ch\/en\/wp-json\/wp\/v2\/pages\/5400","targetHints":{"allow":["GET"]}}],"collection":[{"href":"https:\/\/marienfeld.ch\/en\/wp-json\/wp\/v2\/pages"}],"about":[{"href":"https:\/\/marienfeld.ch\/en\/wp-json\/wp\/v2\/types\/page"}],"author":[{"embeddable":true,"href":"https:\/\/marienfeld.ch\/en\/wp-json\/wp\/v2\/users\/3"}],"replies":[{"embeddable":true,"href":"https:\/\/marienfeld.ch\/en\/wp-json\/wp\/v2\/comments?post=5400"}],"version-history":[{"count":2,"href":"https:\/\/marienfeld.ch\/en\/wp-json\/wp\/v2\/pages\/5400\/revisions"}],"predecessor-version":[{"id":5402,"href":"https:\/\/marienfeld.ch\/en\/wp-json\/wp\/v2\/pages\/5400\/revisions\/5402"}],"wp:attachment":[{"href":"https:\/\/marienfeld.ch\/en\/wp-json\/wp\/v2\/media?parent=5400"}],"curies":[{"name":"wp","href":"https:\/\/api.w.org\/{rel}","templated":true}]}}